{"id":323,"date":"2021-10-19T12:04:07","date_gmt":"2021-10-19T10:04:07","guid":{"rendered":"http:\/\/www.granhipodromodeandalucia.es\/?page_id=323"},"modified":"2026-04-01T13:36:20","modified_gmt":"2026-04-01T11:36:20","slug":"estancia-caballos-pura-sangre-ingles","status":"publish","type":"page","link":"https:\/\/www.granhipodromodeandalucia.es\/?page_id=323","title":{"rendered":"Estancia caballos Pura Sangre Ingl\u00e9s"},"content":{"rendered":"\n<div class=\"wp-block-stackable-columns alignfull stk-block-columns stk--hide-desktop stk--hide-tablet stk--hide-mobile stk-block stk-aa9256e stk-block-background\" data-block-id=\"aa9256e\"><style>.stk-aa9256e {background-color:#bcbcbc !important;border-radius:8px !important;border-style:solid !important;border-top-width:0px !important;border-right-width:0px !important;border-bottom-width:0px !important;border-left-width:0px !important;overflow:hidden !important;clear:both !important;}.stk-aa9256e:before{background-color:#bcbcbc !important;}.stk-aa9256e-column{row-gap:0px !important;}<\/style><div class=\"stk-row stk-inner-blocks has-text-align-center stk-block-content stk-content-align stk-aa9256e-column\">\n<div class=\"wp-block-stackable-column stk-block-column stk-column stk-block stk-a8b4fbc\" data-v=\"4\" data-block-id=\"a8b4fbc\"><div class=\"stk-column-wrapper stk-block-column__content stk-container stk-a8b4fbc-container stk--no-background stk--no-padding\"><div class=\"stk-block-content stk-inner-blocks stk-a8b4fbc-inner-blocks\">\n<h4 class=\"wp-block-heading has-text-align-center has-white-color has-text-color\" style=\"font-style:normal;font-weight:800\"><span style=\"color: #ffffff;\" class=\"stk-highlight\">Documentaci\u00f3n para las estancias de los caballos <\/span>Pura Sangre Ingl\u00e9s:<\/h4>\n<\/div><\/div><\/div>\n<\/div><\/div>\n\n\n\n<div class=\"wp-block-stackable-columns alignwide stk-block-columns stk-block stk-2443c42\" data-block-id=\"2443c42\"><style>.stk-2443c42 .stk--block-align-2443c42{align-items:stretch !important;}.stk-2443c42 {min-height:439px !important;align-items:center !important;display:flex !important;}.stk-2443c42 > .stk-separator__top{z-index:6 !important;}.stk-2443c42 > .stk-separator__bottom .stk-separator__wrapper{transform:scaleX(1.1) !important;height:228px !important;}.stk-2443c42-column{--stk-column-gap:25px !important;row-gap:25px !important;}@media screen and (max-width: 767px){.stk-2443c42-column{--stk-column-gap:0px !important;row-gap:22px !important;}}<\/style><div class=\"stk-row stk-inner-blocks has-text-align-center stk--block-align-2443c42 stk-block-content stk-content-align stk-2443c42-column alignfull\">\n<div class=\"wp-block-stackable-column stk-block-column stk-column stk-block stk-9905196 stk-block-background\" data-v=\"4\" data-block-id=\"9905196\"><style>.stk-9905196 {background-color:#bcbcbc !important;border-radius:47px !important;overflow:hidden !important;box-shadow:0px 10px 60px #0000001a !important;border-color:#872626 !important;border-top-width:3px !important;border-right-width:3px !important;border-bottom-width:3px !important;border-left-width:3px !important;margin-right:20px !important;margin-left:20px !important;}.stk-9905196:before{background-color:#bcbcbc !important;}@media screen and (min-width: 768px){.stk-9905196 {flex:var(--stk-flex-grow, 1) 1 calc(33.33% - var(--stk-column-gap, 0px) * 2 \/ 3 ) !important;}}@media screen and (max-width: 767px){.stk-9905196-container{min-height:0px !important;padding-top:4px !important;padding-right:4px !important;padding-bottom:4px !important;padding-left:4px !important;display:flex !important;}.stk-9905196-inner-blocks{justify-content:center !important;}}<\/style><div class=\"stk-column-wrapper stk-block-column__content stk-container stk-9905196-container stk--no-background stk--no-padding\"><div class=\"has-text-align-left stk-block-content stk-inner-blocks stk-9905196-inner-blocks\">\n<div class=\"wp-block-stackable-columns stk-block-columns stk-block stk-fb4e21e\" data-block-id=\"fb4e21e\"><div class=\"stk-row stk-inner-blocks stk-block-content stk-content-align stk-fb4e21e-column\">\n<div class=\"wp-block-stackable-column stk-block-column stk-column stk-block stk-f6f79b7 stk-block-background\" data-v=\"4\" data-block-id=\"f6f79b7\"><style>.stk-f6f79b7-container{margin-top:0px !important;margin-right:0px !important;margin-bottom:0px !important;margin-left:0px !important;min-height:0px !important;padding-top:0px !important;padding-right:0px !important;padding-bottom:0px !important;padding-left:0px !important;}.stk-f6f79b7-inner-blocks{justify-content:center !important;}.stk-f6f79b7 {background-color:#dbdbdb !important;border-radius:49px !important;overflow:hidden !important;box-shadow:0px 10px 30px #0000000d !important;border-color:#872626 !important;border-top-width:3px !important;border-right-width:3px !important;border-bottom-width:3px !important;border-left-width:3px !important;max-width:1236px !important;min-width:auto !important;padding-top:31px !important;padding-right:31px !important;padding-bottom:31px !important;padding-left:31px !important;margin-top:36px !important;margin-bottom:24px !important;}.stk-f6f79b7:before{background-color:#dbdbdb !important;}@media screen and (max-width: 767px){.stk-f6f79b7-inner-blocks{justify-content:center !important;}.stk-f6f79b7-container{padding-top:0px !important;padding-right:0px !important;padding-bottom:0px !important;padding-left:0px !important;display:flex !important;}}<\/style><div class=\"stk-column-wrapper stk-block-column__content stk-container stk-f6f79b7-container stk--no-background stk--no-padding\"><div class=\"has-text-align-center stk--column-flex stk-block-content stk-inner-blocks stk-f6f79b7-inner-blocks\">\n<p class=\"has-text-align-center has-black-color has-text-color\" style=\"font-size:25px;font-style:normal;font-weight:500\">P.S.I.<\/p>\n\n\n\n<p class=\"has-black-color has-text-color\" style=\"font-size:30px;font-style:normal;font-weight:500\">en<\/p>\n\n\n\n<p class=\"has-black-color has-text-color\" style=\"font-size:30px;font-style:normal;font-weight:500\">estabulaci\u00f3n<\/p>\n<\/div><\/div><\/div>\n<\/div><\/div>\n\n\n\n<div class=\"wp-block-group has-black-color has-text-color\"><div class=\"wp-block-group__inner-container is-layout-flow wp-block-group-is-layout-flow\">\n<div class=\"wp-block-stackable-columns stk-block-columns stk-block stk-cf19882\" data-block-id=\"cf19882\"><div class=\"stk-row stk-inner-blocks stk-block-content stk-content-align stk-cf19882-column\">\n<div class=\"wp-block-stackable-column stk-block-column stk-column stk-block stk-6b9605c\" data-v=\"4\" data-block-id=\"6b9605c\"><style>.stk-6b9605c-inner-blocks{justify-content:center !important;}@media screen and (max-width: 767px){.stk-6b9605c-container{max-width:1500px !important;min-width:auto !important;}}<\/style><div class=\"stk-column-wrapper stk-block-column__content stk-container stk-6b9605c-container stk--no-background stk--no-padding\"><div class=\"has-text-align-left stk--column-flex stk-block-content stk-inner-blocks stk-6b9605c-inner-blocks\">\n<p class=\"has-black-color has-text-color\">Condiciones para la estabulaci\u00f3n de caballos P.S.I. en entrenamiento<\/p>\n\n\n\n<div class=\"wp-block-file\"><a id=\"wp-block-file--media-c7279567-a884-435c-a095-b7a13f251c54\" href=\"https:\/\/www.granhipodromodeandalucia.es\/wp-content\/uploads\/2026\/04\/CONDICIONES-ESTABULACION-CABALLOS-PSI_compressed.pdf\">CONDICIONES ESTABULACI\u00d3N CABALLOS PSI_compressed<\/a><a href=\"https:\/\/www.granhipodromodeandalucia.es\/wp-content\/uploads\/2026\/04\/CONDICIONES-ESTABULACION-CABALLOS-PSI_compressed.pdf\" class=\"wp-block-file__button wp-element-button\" download aria-describedby=\"wp-block-file--media-c7279567-a884-435c-a095-b7a13f251c54\">Descarga<\/a><\/div>\n\n\n\n<p class=\"has-black-color has-text-color\">Solicitud entrada de caballos P.S.I. en estabulaci\u00f3n<\/p>\n\n\n\n<div class=\"wp-block-file\"><a id=\"wp-block-file--media-383ac338-8b37-4f42-bc78-c4c7c0b2bed6\" href=\"https:\/\/www.granhipodromodeandalucia.es\/wp-content\/uploads\/2022\/09\/SOLICITUD-ENTRADA-CABALLOS-PSI-EN-ESTABULACION.pdf\">SOLICITUD-ENTRADA-CABALLOS-PSI-EN-ESTABULACION<\/a><a href=\"https:\/\/www.granhipodromodeandalucia.es\/wp-content\/uploads\/2022\/09\/SOLICITUD-ENTRADA-CABALLOS-PSI-EN-ESTABULACION.pdf\" class=\"wp-block-file__button wp-element-button\" download aria-describedby=\"wp-block-file--media-383ac338-8b37-4f42-bc78-c4c7c0b2bed6\">Descarga<\/a><\/div>\n\n\n\n<p class=\"has-black-color has-text-color\">Solicitud salida en tr\u00e1nsito de P.S.I. en estabulaci\u00f3n.<\/p>\n\n\n\n<div class=\"wp-block-file\"><a id=\"wp-block-file--media-5332b3af-1d52-4e02-b420-9046bfb71aca\" href=\"https:\/\/www.granhipodromodeandalucia.es\/wp-content\/uploads\/2022\/09\/SOLICITUD-SALIDA-TRANSITO-PSI-EN-ESTABULACION.pdf\">SOLICITUD-SALIDA-TRANSITO-PSI-EN-ESTABULACION<\/a><a href=\"https:\/\/www.granhipodromodeandalucia.es\/wp-content\/uploads\/2022\/09\/SOLICITUD-SALIDA-TRANSITO-PSI-EN-ESTABULACION.pdf\" class=\"wp-block-file__button wp-element-button\" download aria-describedby=\"wp-block-file--media-5332b3af-1d52-4e02-b420-9046bfb71aca\">Descarga<\/a><\/div>\n\n\n\n<p class=\"has-black-color has-text-color\">Solicitud salida y baja definitiva de P.S.I.<\/p>\n<\/div><\/div><\/div>\n<\/div><\/div>\n<\/div><\/div>\n\n\n\n<div class=\"wp-block-file\"><a id=\"wp-block-file--media-b9751ee3-775a-438e-bbb2-b5a162b75eb2\" href=\"https:\/\/www.granhipodromodeandalucia.es\/wp-content\/uploads\/2024\/04\/SOLICITUD-SALIDA-DEFINITIVA-PSI.pdf\">SOLICITUD-SALIDA-DEFINITIVA-PSI<\/a><a href=\"https:\/\/www.granhipodromodeandalucia.es\/wp-content\/uploads\/2024\/04\/SOLICITUD-SALIDA-DEFINITIVA-PSI.pdf\" class=\"wp-block-file__button wp-element-button\" download aria-describedby=\"wp-block-file--media-b9751ee3-775a-438e-bbb2-b5a162b75eb2\">Descarga<\/a><\/div>\n\n\n\n<hr class=\"wp-block-separator has-text-color has-css-opacity has-background is-style-wide\" style=\"background-color:#000000;color:#000000\"\/>\n<\/div><\/div><\/div>\n\n\n\n<div class=\"wp-block-stackable-column stk-block-column stk-column stk-block stk-1d1b968 stk-block-background\" data-v=\"4\" data-block-id=\"1d1b968\"><style>.stk-1d1b968-container{margin-top:12px !important;margin-right:12px !important;margin-bottom:12px !important;margin-left:12px !important;background-color:transparent !important;border-radius:0px !important;overflow:hidden !important;box-shadow:none !important;padding-top:0em !important;padding-right:0em !important;padding-bottom:0em !important;padding-left:0em !important;}.stk-1d1b968 {background-color:#bcbcbc !important;border-radius:50px !important;overflow:hidden !important;box-shadow:0px 70px 90px -20px #4849794d !important;margin-right:20px !important;margin-left:20px !important;}.stk-1d1b968:before{background-color:#bcbcbc !important;}.stk-1d1b968-container:before{background-image:linear-gradient(90deg, transparent 0%, rgba(0,0,0,0) 100%) !important;}@media screen and (min-width: 768px){.stk-1d1b968 {flex:var(--stk-flex-grow, 1) 1 calc(33.33% - var(--stk-column-gap, 0px) * 2 \/ 3 ) !important;}}<\/style><div class=\"stk-column-wrapper stk-block-column__content stk-container stk-1d1b968-container stk-hover-parent stk--has-background-overlay\"><div class=\"has-text-align-left stk-block-content stk-inner-blocks stk-1d1b968-inner-blocks\">\n<div class=\"wp-block-stackable-columns stk-block-columns stk-block stk-c2334ee\" data-block-id=\"c2334ee\"><div class=\"stk-row stk-inner-blocks stk-block-content stk-content-align stk-c2334ee-column\">\n<div class=\"wp-block-stackable-column stk-block-column stk-column stk-block stk-a5ff7a9 stk-block-background\" data-v=\"4\" data-block-id=\"a5ff7a9\"><style>.stk-a5ff7a9-container{margin-top:4px !important;margin-right:4px !important;margin-bottom:4px !important;margin-left:4px !important;background-color:transparent !important;border-radius:5px !important;overflow:hidden !important;box-shadow:none !important;min-height:0px !important;padding-top:0px !important;padding-right:0px !important;padding-bottom:0px !important;padding-left:0px !important;}.stk-a5ff7a9 {background-color:#dbdbdb !important;border-radius:49px !important;overflow:hidden !important;box-shadow:0px 10px 30px #0000000d !important;max-width:1236px !important;min-width:auto !important;margin-top:16px !important;}.stk-a5ff7a9:before{background-color:#dbdbdb !important;}.stk-a5ff7a9-container:before{background-color:transparent !important;}<\/style><div class=\"stk-column-wrapper stk-block-column__content stk-container stk-a5ff7a9-container stk-hover-parent\"><div class=\"has-text-align-center stk-block-content stk-inner-blocks stk-a5ff7a9-inner-blocks\">\n<p class=\"has-black-color has-text-color\" style=\"font-size:30px;font-style:normal;font-weight:500\">P.S.I.<\/p>\n\n\n\n<p class=\"has-black-color has-text-color\" style=\"font-size:30px;font-style:normal;font-weight:500\">en<\/p>\n\n\n\n<p class=\"has-black-color has-text-color\" style=\"font-size:30px;font-style:normal;font-weight:500\">tr\u00e1nsito<\/p>\n<\/div><\/div><\/div>\n<\/div><\/div>\n\n\n\n<div class=\"wp-block-stackable-columns stk-block-columns stk-block stk-78c41ec\" data-block-id=\"78c41ec\"><div class=\"stk-row stk-inner-blocks stk-block-content stk-content-align stk-78c41ec-column\">\n<div class=\"wp-block-stackable-column stk-block-column stk-column stk-block stk-86d6c99\" data-v=\"4\" data-block-id=\"86d6c99\"><style>.stk-86d6c99-inner-blocks{justify-content:center !important;}@media screen and (max-width: 767px){.stk-86d6c99-container{max-width:1500px !important;min-width:auto !important;}}<\/style><div class=\"stk-column-wrapper stk-block-column__content stk-container stk-86d6c99-container stk--no-background stk--no-padding\"><div class=\"has-text-align-left stk--column-flex stk-block-content stk-inner-blocks stk-86d6c99-inner-blocks\">\n<p class=\"has-black-color has-text-color\">Documento datos facturaci\u00f3n para caballos P.S.I. en tr\u00e1nsito<\/p>\n\n\n\n<div class=\"wp-block-file\"><a id=\"wp-block-file--media-029ad964-7434-4fc5-b274-692d5ba8549b\" href=\"https:\/\/www.granhipodromodeandalucia.es\/wp-content\/uploads\/2022\/09\/DOCUMENTO-DATOS-FACTURACION-CABALLOS-EN-TRANSITO.pdf\">DOCUMENTO-DATOS-FACTURACION-CABALLOS-EN-TRANSITO<\/a><a href=\"https:\/\/www.granhipodromodeandalucia.es\/wp-content\/uploads\/2022\/09\/DOCUMENTO-DATOS-FACTURACION-CABALLOS-EN-TRANSITO.pdf\" class=\"wp-block-file__button wp-element-button\" download aria-describedby=\"wp-block-file--media-029ad964-7434-4fc5-b274-692d5ba8549b\">Descarga<\/a><\/div>\n\n\n\n<p class=\"has-black-color has-text-color\">Solicitud entrada de caballos P.S.I. en tr\u00e1nsito<\/p>\n\n\n\n<div class=\"wp-block-file\"><a id=\"wp-block-file--media-4d52c243-fa75-42c4-841c-0fe74ded20b2\" href=\"https:\/\/www.granhipodromodeandalucia.es\/wp-content\/uploads\/2022\/09\/SOLICITUD-ENTRADAS-TRANSITO-CABALLOS-PSI-.pdf\">SOLICITUD-ENTRADAS-TRANSITO-CABALLOS-PSI-<\/a><a href=\"https:\/\/www.granhipodromodeandalucia.es\/wp-content\/uploads\/2022\/09\/SOLICITUD-ENTRADAS-TRANSITO-CABALLOS-PSI-.pdf\" class=\"wp-block-file__button wp-element-button\" download aria-describedby=\"wp-block-file--media-4d52c243-fa75-42c4-841c-0fe74ded20b2\">Descarga<\/a><\/div>\n<\/div><\/div><\/div>\n<\/div><\/div>\n\n\n\n<div class=\"wp-block-group alignwide\"><div class=\"wp-block-group__inner-container is-layout-flow wp-block-group-is-layout-flow\">\n<div class=\"wp-block-columns alignwide is-layout-flex wp-container-core-columns-is-layout-28f84493 wp-block-columns-is-layout-flex\">\n<div class=\"wp-block-column is-layout-flow wp-block-column-is-layout-flow\" style=\"flex-basis:100%\"><\/div>\n<\/div>\n<\/div><\/div>\n<\/div><\/div><\/div>\n\n\n\n<div class=\"wp-block-stackable-column stk-block-column stk-column stk-block stk-b31bd63 stk-block-background\" data-v=\"4\" data-block-id=\"b31bd63\"><style>.stk-b31bd63 {background-color:#bcbcbc !important;border-radius:50px !important;overflow:hidden !important;box-shadow:0px 70px 90px -20px #4849794d !important;max-width:1436px !important;min-width:auto !important;padding-top:0px !important;padding-right:0px !important;padding-bottom:0px !important;padding-left:0px !important;margin-top:0px !important;margin-right:20px !important;margin-left:20px !important;}.stk-b31bd63:before{background-color:#bcbcbc !important;}.stk-b31bd63-container{padding-top:2em !important;padding-right:2em !important;padding-bottom:2em !important;padding-left:2em !important;}@media screen and (min-width: 768px){.stk-b31bd63 {flex:var(--stk-flex-grow, 1) 1 calc(33.33% - var(--stk-column-gap, 0px) * 2 \/ 3 ) !important;}}<\/style><div class=\"stk-column-wrapper stk-block-column__content stk-container stk-b31bd63-container stk--no-background stk--no-padding\"><div class=\"has-text-align-left stk-block-content stk-inner-blocks stk-b31bd63-inner-blocks\">\n<div class=\"wp-block-stackable-columns stk-block-columns stk-block stk-62cd926\" data-block-id=\"62cd926\"><style>.stk-62cd926 {margin-bottom:0px !important;}<\/style><div class=\"stk-row stk-inner-blocks stk-block-content stk-content-align stk-62cd926-column\">\n<div class=\"wp-block-stackable-column stk-block-column stk-column stk-block stk-993ce2f stk-block-background\" data-v=\"4\" data-block-id=\"993ce2f\"><style>.stk-993ce2f-container{margin-top:4px !important;margin-right:4px !important;margin-bottom:4px !important;margin-left:4px !important;background-color:transparent !important;border-radius:5px !important;overflow:hidden !important;box-shadow:none !important;min-height:0px !important;padding-top:0px !important;padding-right:0px !important;padding-bottom:0px !important;padding-left:0px !important;}.stk-993ce2f {background-color:#dbdbdb !important;border-radius:49px !important;overflow:hidden !important;box-shadow:0px 10px 30px #0000000d !important;max-width:1500px !important;min-width:auto !important;margin-top:16px !important;}.stk-993ce2f:before{background-color:#dbdbdb !important;}.stk-993ce2f-container:before{background-color:transparent !important;}<\/style><div class=\"stk-column-wrapper stk-block-column__content stk-container stk-993ce2f-container stk-hover-parent\"><div class=\"has-text-align-center stk-block-content stk-inner-blocks stk-993ce2f-inner-blocks\">\n<p class=\"has-black-color has-text-color\" style=\"font-size:25px;font-style:normal;font-weight:500\">Solicitud entrenamiento P.S.I sin estabulaci\u00f3n ni uso de boxes<\/p>\n<\/div><\/div><\/div>\n<\/div><\/div>\n\n\n\n<div class=\"wp-block-stackable-columns stk-block-columns stk-block stk-0a0b0d6\" data-block-id=\"0a0b0d6\"><style>.stk-0a0b0d6 {margin-bottom:0px !important;}<\/style><div class=\"stk-row stk-inner-blocks stk-block-content stk-content-align stk-0a0b0d6-column\">\n<div class=\"wp-block-stackable-column stk-block-column stk-column stk-block stk-dfe2936\" data-v=\"4\" data-block-id=\"dfe2936\"><style>.stk-dfe2936 {max-width:940px !important;min-width:auto !important;margin-top:11px !important;}.stk-dfe2936-container{padding-top:0px !important;padding-right:0px !important;padding-bottom:0px !important;padding-left:0px !important;}<\/style><div class=\"stk-column-wrapper stk-block-column__content stk-container stk-dfe2936-container stk--no-background stk--no-padding\"><div class=\"has-text-align-right stk-block-content stk-inner-blocks stk-dfe2936-inner-blocks\">\n<div class=\"wp-block-file\"><a id=\"wp-block-file--media-8dd3be51-5a72-47f3-a7a2-732fbc4760d2\" href=\"https:\/\/www.granhipodromodeandalucia.es\/wp-content\/uploads\/2022\/09\/SOLICITUD-ENTRENAMIENTO-PISTA-ARENA-CABALLOS-NO-ESTABULADOS-CENTRO-ENTRENAMIENTO.pdf\">SOLICITUD-ENTRENAMIENTO-PISTA-ARENA-CABALLOS-NO-ESTABULADOS-CENTRO-ENTRENAMIENTO<\/a><a href=\"https:\/\/www.granhipodromodeandalucia.es\/wp-content\/uploads\/2022\/09\/SOLICITUD-ENTRENAMIENTO-PISTA-ARENA-CABALLOS-NO-ESTABULADOS-CENTRO-ENTRENAMIENTO.pdf\" class=\"wp-block-file__button wp-element-button\" download aria-describedby=\"wp-block-file--media-8dd3be51-5a72-47f3-a7a2-732fbc4760d2\">Descarga<\/a><\/div>\n<\/div><\/div><\/div>\n<\/div><\/div>\n\n\n\n<div class=\"wp-block-stackable-columns stk-block-columns stk-block stk-b1e44d2\" data-block-id=\"b1e44d2\"><style>.stk-b1e44d2 {margin-bottom:1px !important;}<\/style><div class=\"stk-row stk-inner-blocks stk-block-content stk-content-align stk-b1e44d2-column\">\n<div class=\"wp-block-stackable-column stk-block-column stk-column stk-block stk-c18f7be stk-block-background\" data-v=\"4\" data-block-id=\"c18f7be\"><style>.stk-c18f7be-container{margin-top:4px !important;margin-right:4px !important;margin-bottom:4px !important;margin-left:4px !important;background-color:transparent !important;border-radius:5px !important;overflow:hidden !important;box-shadow:none !important;min-height:0px !important;padding-top:0px !important;padding-right:0px !important;padding-bottom:0px !important;padding-left:0px !important;}.stk-c18f7be {background-color:#dbdbdb !important;border-radius:49px !important;overflow:hidden !important;box-shadow:0px 10px 30px #0000000d !important;max-width:1500px !important;min-width:auto !important;margin-top:16px !important;}.stk-c18f7be:before{background-color:#dbdbdb !important;}.stk-c18f7be-container:before{background-color:transparent !important;}<\/style><div class=\"stk-column-wrapper stk-block-column__content stk-container stk-c18f7be-container stk-hover-parent\"><div class=\"has-text-align-center stk-block-content stk-inner-blocks stk-c18f7be-inner-blocks\">\n<p class=\"has-black-color has-text-color\" style=\"font-size:25px;font-style:normal;font-weight:500\">Solicitud entrenamiento P.S.I en pista de hierba<\/p>\n<\/div><\/div><\/div>\n<\/div><\/div>\n\n\n\n<div class=\"wp-block-columns is-layout-flex wp-container-core-columns-is-layout-28f84493 wp-block-columns-is-layout-flex\">\n<div class=\"wp-block-column is-layout-flow wp-block-column-is-layout-flow\" style=\"flex-basis:100%\">\n<div class=\"wp-block-file\"><a id=\"wp-block-file--media-e377bc51-4a78-4a6e-8dde-8b53e2a3dc2e\" href=\"https:\/\/www.granhipodromodeandalucia.es\/wp-content\/uploads\/2022\/09\/SOLICITUD-ENTRENAMIENTO-PISTA-HIERBA-CABALLOS-.pdf\">SOLICITUD-ENTRENAMIENTO-PISTA-HIERBA-CABALLOS-<\/a><a href=\"https:\/\/www.granhipodromodeandalucia.es\/wp-content\/uploads\/2022\/09\/SOLICITUD-ENTRENAMIENTO-PISTA-HIERBA-CABALLOS-.pdf\" class=\"wp-block-file__button wp-element-button\" download aria-describedby=\"wp-block-file--media-e377bc51-4a78-4a6e-8dde-8b53e2a3dc2e\">Descarga<\/a><\/div>\n<\/div>\n<\/div>\n<\/div><\/div><\/div>\n<\/div><\/div>\n","protected":false},"excerpt":{"rendered":"<p>Documentaci\u00f3n para las estancias de los caballos Pura Sangre Ingl\u00e9s: P.S.I. en estabulaci\u00f3n Condiciones para la estabulaci\u00f3n de caballos P.S.I. en entrenamiento Solicitud entrada de caballos P.S.I. en estabulaci\u00f3n Solicitud salida en tr\u00e1nsito de P.S.I. en estabulaci\u00f3n. Solicitud salida y baja definitiva de P.S.I. P.S.I. en tr\u00e1nsito Documento datos facturaci\u00f3n<\/p>\n","protected":false},"author":3,"featured_media":0,"parent":1001,"menu_order":1,"comment_status":"closed","ping_status":"closed","template":"","meta":{"_monsterinsights_skip_tracking":false,"_monsterinsights_sitenote_active":false,"_monsterinsights_sitenote_note":"","_monsterinsights_sitenote_category":0,"_themeisle_gutenberg_block_has_review":false,"footnotes":""},"class_list":["post-323","page","type-page","status-publish","hentry"],"_links":{"self":[{"href":"https:\/\/www.granhipodromodeandalucia.es\/index.php?rest_route=\/wp\/v2\/pages\/323","targetHints":{"allow":["GET"]}}],"collection":[{"href":"https:\/\/www.granhipodromodeandalucia.es\/index.php?rest_route=\/wp\/v2\/pages"}],"about":[{"href":"https:\/\/www.granhipodromodeandalucia.es\/index.php?rest_route=\/wp\/v2\/types\/page"}],"author":[{"embeddable":true,"href":"https:\/\/www.granhipodromodeandalucia.es\/index.php?rest_route=\/wp\/v2\/users\/3"}],"replies":[{"embeddable":true,"href":"https:\/\/www.granhipodromodeandalucia.es\/index.php?rest_route=%2Fwp%2Fv2%2Fcomments&post=323"}],"version-history":[{"count":62,"href":"https:\/\/www.granhipodromodeandalucia.es\/index.php?rest_route=\/wp\/v2\/pages\/323\/revisions"}],"predecessor-version":[{"id":3406,"href":"https:\/\/www.granhipodromodeandalucia.es\/index.php?rest_route=\/wp\/v2\/pages\/323\/revisions\/3406"}],"up":[{"embeddable":true,"href":"https:\/\/www.granhipodromodeandalucia.es\/index.php?rest_route=\/wp\/v2\/pages\/1001"}],"wp:attachment":[{"href":"https:\/\/www.granhipodromodeandalucia.es\/index.php?rest_route=%2Fwp%2Fv2%2Fmedia&parent=323"}],"curies":[{"name":"wp","href":"https:\/\/api.w.org\/{rel}","templated":true}]}}